{"id":9378,"date":"2024-11-20T20:24:41","date_gmt":"2024-11-20T20:24:41","guid":{"rendered":"https:\/\/www.dallenogaregraniti.it\/sajmi\/"},"modified":"2025-05-20T09:31:28","modified_gmt":"2025-05-20T09:31:28","slug":"sajmi","status":"publish","type":"page","link":"https:\/\/www.dallenogaregraniti.it\/hr\/sajmi\/","title":{"rendered":"Sajmi"},"content":{"rendered":"<div  class='flex_column av-1ooim-c98eb92fb01ff7faf8e1df07efb5aef8 av_one_half  avia-builder-el-0  el_before_av_one_half  avia-builder-el-first  first flex_column_div  '     ><style type=\"text\/css\" data-created_by=\"avia_inline_auto\" id=\"style-css-av-m4vodyfy-6f5bd7e9a146e482b7e08604a4ddbbfe\">\n#top .av_textblock_section.av-m4vodyfy-6f5bd7e9a146e482b7e08604a4ddbbfe .avia_textblock{\nfont-size:15px;\ncolor:#606060;\n}\n<\/style>\n<section  class='av_textblock_section av-m4vodyfy-6f5bd7e9a146e482b7e08604a4ddbbfe '   itemscope=\"itemscope\" itemtype=\"https:\/\/schema.org\/CreativeWork\" ><div class='avia_textblock av_inherit_color'  itemprop=\"text\" ><div id=\"column-wrap-id-1582567528896\" class=\"sppb-col-md-12\">\n<div id=\"column-id-1582567528896\" class=\"sppb-column\">\n<div class=\"sppb-column-addons\">\n<div id=\"sppb-addon-wrapper-1582568070143\" class=\"sppb-addon-wrapper\">\n<div id=\"sppb-addon-1582568070143\" class=\"clearfix \">\n<div class=\"sppb-addon sppb-addon-text-block \">\n<div class=\"sppb-addon-content\">\n<div><strong>Marmomac Verona:<br \/>\n<\/strong>Me\u0111unarodna izlo\u017eba mramora, dizajna i tehnologija najva\u017eniji je svjetski doga\u0111aj sektora, a odr\u017eava se u Veroni.<\/div>\n<div><\/div>\n<div><\/div>\n<\/div>\n<\/div>\n<\/div>\n<\/div>\n<\/div>\n<\/div>\n<\/div>\n<div id=\"column-wrap-id-1582567932552\" class=\"sppb-col-md-6\">\n<div id=\"column-id-1582567932552\" class=\"sppb-column\">\n<div class=\"sppb-column-addons\">\n<div id=\"sppb-addon-wrapper-1588688539543\" class=\"sppb-addon-wrapper\">\n<div id=\"sppb-addon-1588688539543\" class=\"clearfix \">\n<div class=\"sppb-addon sppb-addon-text-block \">\n<div class=\"sppb-addon-content\"><\/div>\n<\/div>\n<\/div>\n<\/div>\n<\/div>\n<\/div>\n<\/div>\n<\/div><\/section><br \/>\n\n<style type=\"text\/css\" data-created_by=\"avia_inline_auto\" id=\"style-css-av-m4volwd2-519cf84b0581f6cc706645534a5d682e\">\n#top .hr.hr-invisible.av-m4volwd2-519cf84b0581f6cc706645534a5d682e{\nheight:50px;\n}\n<\/style>\n<div  class='hr av-m4volwd2-519cf84b0581f6cc706645534a5d682e hr-invisible  avia-builder-el-2  el_after_av_textblock  el_before_av_image '><span class='hr-inner '><span class=\"hr-inner-style\"><\/span><\/span><\/div><br \/>\n\n<style type=\"text\/css\" data-created_by=\"avia_inline_auto\" id=\"style-css-av-m4voil8m-9b566991e98dbd5d85703c7fcffba531\">\n.avia-image-container.av-m4voil8m-9b566991e98dbd5d85703c7fcffba531 img.avia_image{\nbox-shadow:none;\n}\n.avia-image-container.av-m4voil8m-9b566991e98dbd5d85703c7fcffba531 .av-image-caption-overlay-center{\ncolor:#ffffff;\n}\n<\/style>\n<div  class='avia-image-container av-m4voil8m-9b566991e98dbd5d85703c7fcffba531 av-styling- avia-align-left  avia-builder-el-3  el_after_av_hr  avia-builder-el-last '   itemprop=\"image\" itemscope=\"itemscope\" itemtype=\"https:\/\/schema.org\/ImageObject\" ><div class=\"avia-image-container-inner\"><div class=\"avia-image-overlay-wrap\"><img decoding=\"async\" fetchpriority=\"high\" class='wp-image-8978 avia-img-lazy-loading-not-8978 avia_image ' src=\"https:\/\/www.dallenogaregraniti.it\/wp-content\/uploads\/2024\/12\/marmomac-495x400.png\" alt='' title='marmomac'  height=\"400\" width=\"495\"  itemprop=\"thumbnailUrl\" srcset=\"https:\/\/www.dallenogaregraniti.it\/wp-content\/uploads\/2024\/12\/marmomac-495x400.png 495w, https:\/\/www.dallenogaregraniti.it\/wp-content\/uploads\/2024\/12\/marmomac-845x684.png 845w\" sizes=\"(max-width: 495px) 100vw, 495px\" \/><\/div><\/div><\/div><\/p><\/div>\n<div  class='flex_column av-xlwi-2e7672eea57b30382c53a7f85af4d12b av_one_half  avia-builder-el-4  el_after_av_one_half  avia-builder-el-last  flex_column_div  '     ><style type=\"text\/css\" data-created_by=\"avia_inline_auto\" id=\"style-css-av-m4voed7j-78b945125419730eae4130fd42eb630c\">\n#top .av_textblock_section.av-m4voed7j-78b945125419730eae4130fd42eb630c .avia_textblock{\nfont-size:15px;\ncolor:#606060;\n}\n<\/style>\n<section  class='av_textblock_section av-m4voed7j-78b945125419730eae4130fd42eb630c '   itemscope=\"itemscope\" itemtype=\"https:\/\/schema.org\/CreativeWork\" ><div class='avia_textblock av_inherit_color'  itemprop=\"text\" ><div id=\"column-wrap-id-1582567932552\" class=\"sppb-col-md-6\">\n<div id=\"column-id-1582567932552\" class=\"sppb-column\">\n<div class=\"sppb-column-addons\">\n<div id=\"sppb-addon-wrapper-1588688539543\" class=\"sppb-addon-wrapper\">\n<div id=\"sppb-addon-1588688539543\" class=\"clearfix \">\n<div class=\"sppb-addon sppb-addon-text-block \">\n<div class=\"sppb-addon-content\">\n<div>Na\u0161a tvrtka uvijek je prisutna na izlo\u017ebi, a ista nam nudi mogu\u0107nost promid\u017ebe na\u0161ih usluga i tehnologija na vlastitom \u0161tandu, kao i mogu\u0107nost povezivanja s drugim poslovnim subjektima iz sektora mramora i profesionalcima s podru\u010dja arhitekture i dizajna.<\/div>\n<\/div>\n<\/div>\n<\/div>\n<\/div>\n<\/div>\n<\/div>\n<\/div>\n<\/div><\/section><br \/>\n\n<style type=\"text\/css\" data-created_by=\"avia_inline_auto\" id=\"style-css-av-m4vokyrk-324538cbe92032aecc78275dc9c10475\">\n#top .hr.hr-invisible.av-m4vokyrk-324538cbe92032aecc78275dc9c10475{\nheight:80px;\n}\n<\/style>\n<div  class='hr av-m4vokyrk-324538cbe92032aecc78275dc9c10475 hr-invisible  avia-builder-el-6  el_after_av_textblock  el_before_av_textblock '><span class='hr-inner '><span class=\"hr-inner-style\"><\/span><\/span><\/div><br \/>\n\n<style type=\"text\/css\" data-created_by=\"avia_inline_auto\" id=\"style-css-av-m4vokh3x-1c266d645322f52253369f88fe2396f2\">\n#top .av_textblock_section.av-m4vokh3x-1c266d645322f52253369f88fe2396f2 .avia_textblock{\nfont-size:15px;\ncolor:#606060;\n}\n<\/style>\n<section  class='av_textblock_section av-m4vokh3x-1c266d645322f52253369f88fe2396f2 '   itemscope=\"itemscope\" itemtype=\"https:\/\/schema.org\/CreativeWork\" ><div class='avia_textblock av_inherit_color'  itemprop=\"text\" ><div id=\"column-wrap-id-1582567932552\" class=\"sppb-col-md-6\">\n<div id=\"column-id-1582567932552\" class=\"sppb-column\">\n<div class=\"sppb-column-addons\">\n<div id=\"sppb-addon-wrapper-1588688539543\" class=\"sppb-addon-wrapper\">\n<div id=\"sppb-addon-1588688539543\" class=\"clearfix \">\n<div class=\"sppb-addon sppb-addon-text-block \">\n<div class=\"sppb-addon-content\"><\/div>\n<\/div>\n<\/div>\n<\/div>\n<\/div>\n<\/div>\n<\/div>\n<div id=\"column-wrap-id-1588688637153\" class=\"sppb-col-md-12\">\n<div id=\"column-id-1588688637153\" class=\"sppb-column\">\n<div class=\"sppb-column-addons\">\n<div id=\"sppb-addon-wrapper-1588688480762\" class=\"sppb-addon-wrapper\">\n<div id=\"sppb-addon-1588688480762\" class=\"clearfix \">\n<div class=\"sppb-addon sppb-addon-text-block \">\n<div class=\"sppb-addon-content\">\n<div>Posjetitelji\/klijenti mogu do\u0107i u kontakt s na\u0161im proizvodima ne samo na sajmu, ve\u0107 i na prvoj liniji, izravno u sjedi\u0161tu tvrtke Graniti geom.Sergio Dalla Nogare. Prijam u tvrtki, prilika da posjetitelji osobno dodirnu na\u0161e proizvode i mogu\u0107nost promatranja proizvodnih ciklusa osiguravaju sna\u017enu i trajnu vjernost na\u0161ih klijenata. Tvrtka Graniti geom.Sergio Dalla Nogare obra\u0107a posebnu pozornost na pojedinosti pri prijamu klijenata. Primjerice, nudi im prijevoz sa sajma do na\u0161e tvrtke, kao i usluge restorana i smje\u0161taja.  <\/div>\n<\/div>\n<\/div>\n<\/div>\n<\/div>\n<\/div>\n<\/div>\n<\/div>\n<\/div><\/section><\/p><\/div>\n","protected":false},"excerpt":{"rendered":"","protected":false},"author":1,"featured_media":0,"parent":0,"menu_order":0,"comment_status":"closed","ping_status":"closed","template":"","meta":{"footnotes":""},"class_list":["post-9378","page","type-page","status-publish","hentry"],"_links":{"self":[{"href":"https:\/\/www.dallenogaregraniti.it\/hr\/wp-json\/wp\/v2\/pages\/9378","targetHints":{"allow":["GET"]}}],"collection":[{"href":"https:\/\/www.dallenogaregraniti.it\/hr\/wp-json\/wp\/v2\/pages"}],"about":[{"href":"https:\/\/www.dallenogaregraniti.it\/hr\/wp-json\/wp\/v2\/types\/page"}],"author":[{"embeddable":true,"href":"https:\/\/www.dallenogaregraniti.it\/hr\/wp-json\/wp\/v2\/users\/1"}],"replies":[{"embeddable":true,"href":"https:\/\/www.dallenogaregraniti.it\/hr\/wp-json\/wp\/v2\/comments?post=9378"}],"version-history":[{"count":2,"href":"https:\/\/www.dallenogaregraniti.it\/hr\/wp-json\/wp\/v2\/pages\/9378\/revisions"}],"predecessor-version":[{"id":9380,"href":"https:\/\/www.dallenogaregraniti.it\/hr\/wp-json\/wp\/v2\/pages\/9378\/revisions\/9380"}],"wp:attachment":[{"href":"https:\/\/www.dallenogaregraniti.it\/hr\/wp-json\/wp\/v2\/media?parent=9378"}],"curies":[{"name":"wp","href":"https:\/\/api.w.org\/{rel}","templated":true}]}}